{"id":91,"date":"2015-11-04T07:48:39","date_gmt":"2015-11-04T07:48:39","guid":{"rendered":"http:\/\/boxingclubsathonay.fr\/?page_id=91"},"modified":"2018-01-03T12:27:30","modified_gmt":"2018-01-03T12:27:30","slug":"galerie-photos","status":"publish","type":"page","link":"https:\/\/boxingclubsathonay.fr\/?page_id=91","title":{"rendered":"Galerie photos"},"content":{"rendered":"<p>d\u00e9but de saison 2017\/2018<\/p>\n<p><a href=\"http:\/\/boxingclubsathonay.fr\/wp-content\/uploads\/2017\/12\/IMG_4621-1.jpg\"><img decoding=\"async\" loading=\"lazy\" class=\"alignnone size-thumbnail wp-image-311\" src=\"http:\/\/boxingclubsathonay.fr\/wp-content\/uploads\/2017\/12\/IMG_4621-1-150x150.jpg\" alt=\"\" width=\"150\" height=\"150\" \/><\/a><a href=\"http:\/\/boxingclubsathonay.fr\/wp-content\/uploads\/2017\/11\/IMG_0008-2.jpg\"><img decoding=\"async\" loading=\"lazy\" class=\"alignnone size-thumbnail wp-image-297\" src=\"http:\/\/boxingclubsathonay.fr\/wp-content\/uploads\/2017\/11\/IMG_0008-2-150x150.jpg\" alt=\"\" width=\"150\" height=\"150\" \/><\/a> <a href=\"http:\/\/boxingclubsathonay.fr\/wp-content\/uploads\/2017\/12\/IMG_4203.jpg\"><img decoding=\"async\" loading=\"lazy\" class=\"alignnone size-thumbnail wp-image-310\" src=\"http:\/\/boxingclubsathonay.fr\/wp-content\/uploads\/2017\/12\/IMG_4203-150x150.jpg\" alt=\"\" width=\"150\" height=\"150\" \/><\/a> <a href=\"http:\/\/boxingclubsathonay.fr\/wp-content\/uploads\/2017\/12\/IMG_4214.jpg\"><img decoding=\"async\" loading=\"lazy\" class=\"alignnone size-thumbnail wp-image-309\" src=\"http:\/\/boxingclubsathonay.fr\/wp-content\/uploads\/2017\/12\/IMG_4214-150x150.jpg\" alt=\"\" width=\"150\" height=\"150\" \/><\/a> <a href=\"http:\/\/boxingclubsathonay.fr\/wp-content\/uploads\/2017\/12\/IMG_4227.jpg\"><img decoding=\"async\" loading=\"lazy\" class=\"alignnone size-thumbnail wp-image-308\" src=\"http:\/\/boxingclubsathonay.fr\/wp-content\/uploads\/2017\/12\/IMG_4227-150x150.jpg\" alt=\"\" width=\"150\" height=\"150\" \/><\/a> <a href=\"http:\/\/boxingclubsathonay.fr\/wp-content\/uploads\/2017\/12\/IMG_4211.jpg\"><img decoding=\"async\" loading=\"lazy\" class=\"alignnone size-thumbnail wp-image-306\" src=\"http:\/\/boxingclubsathonay.fr\/wp-content\/uploads\/2017\/12\/IMG_4211-150x150.jpg\" alt=\"\" width=\"150\" height=\"150\" \/><\/a><\/p>\n<p>Forum des association septembre 2017<\/p>\n<p><a href=\"http:\/\/boxingclubsathonay.fr\/wp-content\/uploads\/2018\/01\/IMG_2932.jpg\"><img decoding=\"async\" loading=\"lazy\" class=\"alignnone size-thumbnail wp-image-320\" src=\"http:\/\/boxingclubsathonay.fr\/wp-content\/uploads\/2018\/01\/IMG_2932-150x150.jpg\" alt=\"\" width=\"150\" height=\"150\" \/><\/a> <a href=\"http:\/\/boxingclubsathonay.fr\/wp-content\/uploads\/2018\/01\/IMG_2931.jpg\"><img decoding=\"async\" loading=\"lazy\" class=\"alignnone size-thumbnail wp-image-319\" src=\"http:\/\/boxingclubsathonay.fr\/wp-content\/uploads\/2018\/01\/IMG_2931-150x150.jpg\" alt=\"\" width=\"150\" height=\"150\" \/><\/a><\/p>\n<p>21 mai 2016 interclub de tr\u00e9voux avec Agathe ,Marianne,lilia et Freddy<\/p>\n<p><a href=\"http:\/\/boxingclubsathonay.fr\/wp-content\/uploads\/2016\/05\/IMG_2515.jpg\"><img decoding=\"async\" loading=\"lazy\" class=\"alignnone size-thumbnail wp-image-167\" src=\"http:\/\/boxingclubsathonay.fr\/wp-content\/uploads\/2016\/05\/IMG_2515-150x150.jpg\" alt=\"IMG_2515\" width=\"150\" height=\"150\" \/><\/a> <a href=\"http:\/\/boxingclubsathonay.fr\/wp-content\/uploads\/2016\/05\/IMG_2514.jpg\"><img decoding=\"async\" loading=\"lazy\" class=\"alignnone size-thumbnail wp-image-166\" src=\"http:\/\/boxingclubsathonay.fr\/wp-content\/uploads\/2016\/05\/IMG_2514-150x150.jpg\" alt=\"IMG_2514\" width=\"150\" height=\"150\" \/><\/a> <a href=\"http:\/\/boxingclubsathonay.fr\/wp-content\/uploads\/2016\/05\/IMG_2513.jpg\"><img decoding=\"async\" loading=\"lazy\" class=\"alignnone size-thumbnail wp-image-165\" src=\"http:\/\/boxingclubsathonay.fr\/wp-content\/uploads\/2016\/05\/IMG_2513-150x150.jpg\" alt=\"IMG_2513\" width=\"150\" height=\"150\" \/><\/a> <a href=\"http:\/\/boxingclubsathonay.fr\/wp-content\/uploads\/2016\/05\/IMG_2496.jpg\"><img decoding=\"async\" loading=\"lazy\" class=\"alignnone size-thumbnail wp-image-164\" src=\"http:\/\/boxingclubsathonay.fr\/wp-content\/uploads\/2016\/05\/IMG_2496-150x150.jpg\" alt=\"IMG_2496\" width=\"150\" height=\"150\" \/><\/a> <a href=\"http:\/\/boxingclubsathonay.fr\/wp-content\/uploads\/2016\/05\/IMG_2490.jpg\"><img decoding=\"async\" loading=\"lazy\" class=\"alignnone size-thumbnail wp-image-163\" src=\"http:\/\/boxingclubsathonay.fr\/wp-content\/uploads\/2016\/05\/IMG_2490-150x150.jpg\" alt=\"IMG_2490\" width=\"150\" height=\"150\" \/><\/a> <a href=\"http:\/\/boxingclubsathonay.fr\/wp-content\/uploads\/2016\/05\/IMG_2488.jpg\"><img decoding=\"async\" loading=\"lazy\" class=\"alignnone size-thumbnail wp-image-162\" src=\"http:\/\/boxingclubsathonay.fr\/wp-content\/uploads\/2016\/05\/IMG_2488-150x150.jpg\" alt=\"IMG_2488\" width=\"150\" height=\"150\" \/><\/a> <a href=\"http:\/\/boxingclubsathonay.fr\/wp-content\/uploads\/2016\/05\/IMG_2481.jpg\"><img decoding=\"async\" loading=\"lazy\" class=\"alignnone size-thumbnail wp-image-161\" src=\"http:\/\/boxingclubsathonay.fr\/wp-content\/uploads\/2016\/05\/IMG_2481-150x150.jpg\" alt=\"IMG_2481\" width=\"150\" height=\"150\" \/><\/a> <a href=\"http:\/\/boxingclubsathonay.fr\/wp-content\/uploads\/2016\/05\/IMG_2479.jpg\"><img decoding=\"async\" loading=\"lazy\" class=\"alignnone size-thumbnail wp-image-160\" src=\"http:\/\/boxingclubsathonay.fr\/wp-content\/uploads\/2016\/05\/IMG_2479-150x150.jpg\" alt=\"IMG_2479\" width=\"150\" height=\"150\" \/><\/a><\/p>\n<p><img decoding=\"async\" loading=\"lazy\" class=\"alignnone size-thumbnail wp-image-169\" src=\"http:\/\/boxingclubsathonay.fr\/wp-content\/uploads\/2016\/05\/IMG_2520-150x150.jpg\" alt=\"IMG_2520\" width=\"150\" height=\"150\" \/><a href=\"http:\/\/boxingclubsathonay.fr\/wp-content\/uploads\/2016\/05\/IMG_2516.jpg\"><img decoding=\"async\" loading=\"lazy\" class=\"alignnone size-thumbnail wp-image-168\" src=\"http:\/\/boxingclubsathonay.fr\/wp-content\/uploads\/2016\/05\/IMG_2516-150x150.jpg\" alt=\"IMG_2516\" width=\"150\" height=\"150\" \/><\/a><\/p>\n<p>Octobre 2015 : Stage de d\u00e9tection par la f\u00e9d\u00e9ration FDABA de boxeurs de Sathonay et Tr\u00e9voux pour les mondiaux WTKA \u00a0\u00e0 B\u00e9nidorm en Espagne du 2\/11 au 9\/11\/2015<\/p>\n<p>A l&#8217;issue de ce stage,Vincent et Bedet de Sathonay ainsi que Jordan et Guillaume du TBC seront s\u00e9lectionn\u00e9s.<\/p>\n<p>Malheureusement Bedet \u00e0 cause de ces \u00e9tudes ne pourra y participer mais ce n&#8217;est que partie remise,l&#8217;ann\u00e9e prochaine peut \u00eatre !!<\/p>\n<p><a href=\"http:\/\/boxingclubsathonay.fr\/wp-content\/uploads\/2015\/11\/sans-titre-54.jpg\"><img decoding=\"async\" loading=\"lazy\" class=\"alignnone size-medium wp-image-76\" src=\"http:\/\/boxingclubsathonay.fr\/wp-content\/uploads\/2015\/11\/sans-titre-54-200x300.jpg\" alt=\"Franck Judes (DTN FDABA)\" width=\"200\" height=\"300\" srcset=\"https:\/\/boxingclubsathonay.fr\/wp-content\/uploads\/2015\/11\/sans-titre-54-200x300.jpg 200w, https:\/\/boxingclubsathonay.fr\/wp-content\/uploads\/2015\/11\/sans-titre-54-683x1024.jpg 683w\" sizes=\"(max-width: 200px) 100vw, 200px\" \/><\/a> <a href=\"http:\/\/boxingclubsathonay.fr\/wp-content\/uploads\/2015\/11\/sans-titre-52.jpg\"><img decoding=\"async\" loading=\"lazy\" class=\"alignnone size-medium wp-image-78\" src=\"http:\/\/boxingclubsathonay.fr\/wp-content\/uploads\/2015\/11\/sans-titre-52-200x300.jpg\" alt=\"Jordan (TBC)\" width=\"200\" height=\"300\" srcset=\"https:\/\/boxingclubsathonay.fr\/wp-content\/uploads\/2015\/11\/sans-titre-52-200x300.jpg 200w, https:\/\/boxingclubsathonay.fr\/wp-content\/uploads\/2015\/11\/sans-titre-52-683x1024.jpg 683w\" sizes=\"(max-width: 200px) 100vw, 200px\" \/><\/a> <a href=\"http:\/\/boxingclubsathonay.fr\/wp-content\/uploads\/2015\/11\/sans-titre-41.jpg\"><img decoding=\"async\" loading=\"lazy\" class=\"alignnone size-medium wp-image-79\" src=\"http:\/\/boxingclubsathonay.fr\/wp-content\/uploads\/2015\/11\/sans-titre-41-300x200.jpg\" alt=\"David,Franck,ugo,hacine,raphael,xavier,johnny\" width=\"300\" height=\"200\" srcset=\"https:\/\/boxingclubsathonay.fr\/wp-content\/uploads\/2015\/11\/sans-titre-41-300x200.jpg 300w, https:\/\/boxingclubsathonay.fr\/wp-content\/uploads\/2015\/11\/sans-titre-41-1024x683.jpg 1024w\" sizes=\"(max-width: 300px) 100vw, 300px\" \/><\/a> <a href=\"http:\/\/boxingclubsathonay.fr\/wp-content\/uploads\/2015\/11\/sans-titre-37.jpg\"><img decoding=\"async\" loading=\"lazy\" class=\"alignnone size-medium wp-image-81\" src=\"http:\/\/boxingclubsathonay.fr\/wp-content\/uploads\/2015\/11\/sans-titre-37-300x200.jpg\" alt=\"Franck,hacine,xavier,johnny\" width=\"300\" height=\"200\" srcset=\"https:\/\/boxingclubsathonay.fr\/wp-content\/uploads\/2015\/11\/sans-titre-37-300x200.jpg 300w, https:\/\/boxingclubsathonay.fr\/wp-content\/uploads\/2015\/11\/sans-titre-37-1024x683.jpg 1024w\" sizes=\"(max-width: 300px) 100vw, 300px\" \/><\/a><\/p>\n<p><img decoding=\"async\" loading=\"lazy\" class=\"alignnone size-medium wp-image-89\" src=\"http:\/\/boxingclubsathonay.fr\/wp-content\/uploads\/2015\/11\/sans-titre-2-300x200.jpg\" alt=\"Franck et bedet\" width=\"300\" height=\"200\" srcset=\"https:\/\/boxingclubsathonay.fr\/wp-content\/uploads\/2015\/11\/sans-titre-2-300x200.jpg 300w, https:\/\/boxingclubsathonay.fr\/wp-content\/uploads\/2015\/11\/sans-titre-2-1024x683.jpg 1024w\" sizes=\"(max-width: 300px) 100vw, 300px\" \/><\/p>\n","protected":false},"excerpt":{"rendered":"<p>d\u00e9but de saison 2017\/2018 Forum des association septembre 2017 21 mai 2016 interclub de tr\u00e9voux avec Agathe ,Marianne,lilia et Freddy Octobre 2015 : Stage de d\u00e9tection par la f\u00e9d\u00e9ration FDABA de boxeurs de Sathonay et Tr\u00e9voux pour les mondiaux WTKA \u00a0\u00e0 B\u00e9nidorm en Espagne du 2\/11 au 9\/11\/2015 A l&#8217;issue de ce stage,Vincent et Bedet &hellip; <a href=\"https:\/\/boxingclubsathonay.fr\/?page_id=91\" class=\"more-link\">Continuer la lecture de <span class=\"screen-reader-text\">Galerie photos<\/span>  <span class=\"meta-nav\">&rarr;<\/span><\/a><\/p>\n","protected":false},"author":3,"featured_media":0,"parent":0,"menu_order":0,"comment_status":"closed","ping_status":"closed","template":"","meta":{"footnotes":""},"_links":{"self":[{"href":"https:\/\/boxingclubsathonay.fr\/index.php?rest_route=\/wp\/v2\/pages\/91"}],"collection":[{"href":"https:\/\/boxingclubsathonay.fr\/index.php?rest_route=\/wp\/v2\/pages"}],"about":[{"href":"https:\/\/boxingclubsathonay.fr\/index.php?rest_route=\/wp\/v2\/types\/page"}],"author":[{"embeddable":true,"href":"https:\/\/boxingclubsathonay.fr\/index.php?rest_route=\/wp\/v2\/users\/3"}],"replies":[{"embeddable":true,"href":"https:\/\/boxingclubsathonay.fr\/index.php?rest_route=%2Fwp%2Fv2%2Fcomments&post=91"}],"version-history":[{"count":13,"href":"https:\/\/boxingclubsathonay.fr\/index.php?rest_route=\/wp\/v2\/pages\/91\/revisions"}],"predecessor-version":[{"id":321,"href":"https:\/\/boxingclubsathonay.fr\/index.php?rest_route=\/wp\/v2\/pages\/91\/revisions\/321"}],"wp:attachment":[{"href":"https:\/\/boxingclubsathonay.fr\/index.php?rest_route=%2Fwp%2Fv2%2Fmedia&parent=91"}],"curies":[{"name":"wp","href":"https:\/\/api.w.org\/{rel}","templated":true}]}}