{"id":271,"date":"2017-08-29T12:43:33","date_gmt":"2017-08-29T12:43:33","guid":{"rendered":"http:\/\/boxingclubsathonay.fr\/?page_id=271"},"modified":"2025-08-24T16:45:51","modified_gmt":"2025-08-24T16:45:51","slug":"documents-a-telecharger","status":"publish","type":"page","link":"https:\/\/boxingclubsathonay.fr\/?page_id=271","title":{"rendered":"Documents \u00e0 t\u00e9l\u00e9charger"},"content":{"rendered":"<p>Fiche adulte <a href=\"http:\/\/boxingclubsathonay.fr\/wp-content\/uploads\/2025\/08\/Fiche-adulte-18.pdf\">+18<\/a>\u00a0 \u00a02025-2026<\/p>\n<p><a href=\"http:\/\/boxingclubsathonay.fr\/wp-content\/uploads\/2025\/08\/fiche-femme-ados.pdf\">fiche femme-ado\u00a0 \u00a0 2025 2026<\/a><\/p>\n<p><a href=\"http:\/\/boxingclubsathonay.fr\/wp-content\/uploads\/2025\/08\/fiche-Autorisation-parentale.pdf\">fiche Autorisation parentale-2025- 2026<\/a><\/p>\n\n\n<div class=\"wp-block-file\"><a href=\"blob:https:\/\/boxingclubsathonay.fr\/1da76fb1-2a88-4c63-898f-4d04aa98f087\" class=\"wp-block-file__button wp-element-button\" download>T\u00e9l\u00e9charger<\/a><\/div>\n\n\n\n<div class=\"wp-block-file\"><object class=\"wp-block-file__embed\" data=\"http:\/\/boxingclubsathonay.fr\/wp-content\/uploads\/2024\/09\/fiche-femme-ado-2024-2025-1.pdf\" type=\"application\/pdf\" style=\"width:100%;height:600px\" aria-label=\"Contenu embarqu\u00e9 fiche-femme-ado-2024-2025-1.\"><\/object><a id=\"wp-block-file--media-275940f5-f0d3-4ec1-a013-44176579e95e\" href=\"http:\/\/boxingclubsathonay.fr\/wp-content\/uploads\/2024\/09\/fiche-femme-ado-2024-2025-1.pdf\">fiche-femme-ado-2024-2025-1<\/a><a href=\"http:\/\/boxingclubsathonay.fr\/wp-content\/uploads\/2024\/09\/fiche-femme-ado-2024-2025-1.pdf\" class=\"wp-block-file__button wp-element-button\" download aria-describedby=\"wp-block-file--media-275940f5-f0d3-4ec1-a013-44176579e95e\">T\u00e9l\u00e9charger<\/a><\/div>\n","protected":false},"excerpt":{"rendered":"<p>Fiche adulte +18\u00a0 \u00a02025-2026 fiche femme-ado\u00a0 \u00a0 2025 2026 fiche Autorisation parentale-2025- 2026<\/p>\n","protected":false},"author":3,"featured_media":0,"parent":0,"menu_order":0,"comment_status":"closed","ping_status":"closed","template":"","meta":{"footnotes":""},"_links":{"self":[{"href":"https:\/\/boxingclubsathonay.fr\/index.php?rest_route=\/wp\/v2\/pages\/271"}],"collection":[{"href":"https:\/\/boxingclubsathonay.fr\/index.php?rest_route=\/wp\/v2\/pages"}],"about":[{"href":"https:\/\/boxingclubsathonay.fr\/index.php?rest_route=\/wp\/v2\/types\/page"}],"author":[{"embeddable":true,"href":"https:\/\/boxingclubsathonay.fr\/index.php?rest_route=\/wp\/v2\/users\/3"}],"replies":[{"embeddable":true,"href":"https:\/\/boxingclubsathonay.fr\/index.php?rest_route=%2Fwp%2Fv2%2Fcomments&post=271"}],"version-history":[{"count":32,"href":"https:\/\/boxingclubsathonay.fr\/index.php?rest_route=\/wp\/v2\/pages\/271\/revisions"}],"predecessor-version":[{"id":767,"href":"https:\/\/boxingclubsathonay.fr\/index.php?rest_route=\/wp\/v2\/pages\/271\/revisions\/767"}],"wp:attachment":[{"href":"https:\/\/boxingclubsathonay.fr\/index.php?rest_route=%2Fwp%2Fv2%2Fmedia&parent=271"}],"curies":[{"name":"wp","href":"https:\/\/api.w.org\/{rel}","templated":true}]}}