{"id":2,"date":"2015-08-27T05:07:48","date_gmt":"2015-08-27T05:07:48","guid":{"rendered":"http:\/\/boxingclubsathonay.fr\/?page_id=2"},"modified":"2024-08-13T13:42:09","modified_gmt":"2024-08-13T13:42:09","slug":"page-d-exemple","status":"publish","type":"page","link":"https:\/\/boxingclubsathonay.fr\/?page_id=2","title":{"rendered":"Boxe Pieds poings"},"content":{"rendered":"<p>Le Boxing Club Sathonay accueille les amateurs de sports de combats \u00e0 partir de 16 ans minimum pour\u00a0 apprendre\u00a0 en mode loisir, les diff\u00e9rents style de boxe : boxe anglaise, boxe am\u00e9ricaine , kickboxing , ainsi que l\u2019initiation au grappling (jujitsu Br\u00e9silien).<\/p>\n<p>4 cours de 1h30 \u00e0 2h vous sont propos\u00e9s les mardi, mercredi, jeudi et samedi.<\/p>\n<p>Le mardi ,jeudi et samedi sont les cours r\u00e9serv\u00e9s aux entrainements pieds\/poings, le mercredi \u00e9tant celui du grappling (travail au sol).<\/p>\n","protected":false},"excerpt":{"rendered":"<p>Le Boxing Club Sathonay accueille les amateurs de sports de combats \u00e0 partir de 16 ans minimum pour\u00a0 apprendre\u00a0 en mode loisir, les diff\u00e9rents style de boxe : boxe anglaise, boxe am\u00e9ricaine , kickboxing , ainsi que l\u2019initiation au grappling (jujitsu Br\u00e9silien). 4 cours de 1h30 \u00e0 2h vous sont propos\u00e9s les mardi, mercredi, jeudi &hellip; <a href=\"https:\/\/boxingclubsathonay.fr\/?page_id=2\" class=\"more-link\">Continuer la lecture de <span class=\"screen-reader-text\">Boxe Pieds poings<\/span>  <span class=\"meta-nav\">&rarr;<\/span><\/a><\/p>\n","protected":false},"author":1,"featured_media":0,"parent":0,"menu_order":0,"comment_status":"open","ping_status":"open","template":"","meta":{"footnotes":""},"_links":{"self":[{"href":"https:\/\/boxingclubsathonay.fr\/index.php?rest_route=\/wp\/v2\/pages\/2"}],"collection":[{"href":"https:\/\/boxingclubsathonay.fr\/index.php?rest_route=\/wp\/v2\/pages"}],"about":[{"href":"https:\/\/boxingclubsathonay.fr\/index.php?rest_route=\/wp\/v2\/types\/page"}],"author":[{"embeddable":true,"href":"https:\/\/boxingclubsathonay.fr\/index.php?rest_route=\/wp\/v2\/users\/1"}],"replies":[{"embeddable":true,"href":"https:\/\/boxingclubsathonay.fr\/index.php?rest_route=%2Fwp%2Fv2%2Fcomments&post=2"}],"version-history":[{"count":9,"href":"https:\/\/boxingclubsathonay.fr\/index.php?rest_route=\/wp\/v2\/pages\/2\/revisions"}],"predecessor-version":[{"id":703,"href":"https:\/\/boxingclubsathonay.fr\/index.php?rest_route=\/wp\/v2\/pages\/2\/revisions\/703"}],"wp:attachment":[{"href":"https:\/\/boxingclubsathonay.fr\/index.php?rest_route=%2Fwp%2Fv2%2Fmedia&parent=2"}],"curies":[{"name":"wp","href":"https:\/\/api.w.org\/{rel}","templated":true}]}}